{"id":70,"date":"2026-03-23T09:23:58","date_gmt":"2026-03-23T09:23:58","guid":{"rendered":"http:\/\/rudern-owv.de\/?page_id=70"},"modified":"2026-03-23T11:33:49","modified_gmt":"2026-03-23T11:33:49","slug":"historisches","status":"publish","type":"page","link":"https:\/\/rudern-owv.de\/?page_id=70","title":{"rendered":"Historisches"},"content":{"rendered":"\n<p>Chronik<br>Oranienburger Wassersportverein<\/p>\n\n\n\n<p>1912 &#8211; 2023<\/p>\n\n\n\n<p>-29. August 1912 Gr\u00fcndung des OWV mit folgenden Vereinsmitgliedern:<\/p>\n\n\n\n<p>Thomas, Faecks, Pfeiffer, Kampmann, Wernitz, Willi und Otto Kracht, Schraubeck, Stammer, Koch, M\u00e4ker, Karl Uhr, Krack, Wruck<\/p>\n\n\n\n<ul class=\"wp-block-list\">\n<li>Vereinsvorsitzender ist David Heim von 06.09.1912. 19.04.1913<\/li>\n\n\n\n<li>Vereinsvorsitzender vom 19.04.1913 \u2013 22.01.1920 ist Ernst Fischer<\/li>\n\n\n\n<li>Vereinsheim und Bootshalle ist ein Pavillon der Strandhalle<\/li>\n\n\n\n<li>1913 erste Anschaffung von Booten, an 11.07 .1913 ist Bootstaufe von einem Vierer \u201eOranien\u201c und ein Zweier \u201eWeichsel\u201c<\/li>\n\n\n\n<li>Vereinsfahne auf wei\u00dfen Grund ein blaues Kreuz, in der linken oberen Ecke ein sechseckiger Stern, sp\u00e4ter kommt das K\u00fcrzel O.W.V. dazu.<\/li>\n<\/ul>\n\n\n\n<p>-1914 Einstellung der Vereinst\u00e4tigkeit auf Grund des 1. Weltkrieges<\/p>\n\n\n\n<ul class=\"wp-block-list\">\n<li>gefallene OWV-Mitglieder: Herman Braun, Hans Kampmann, Hans Liebsch, Erich Reczkowsky, Hans Schmidt<\/li>\n\n\n\n<li>Der Kassenwart Karl M\u00e4ker verhindert die Aufl\u00f6sung des Vereins.<\/li>\n\n\n\n<li>1919 wird die Vereinst\u00e4tigkeit wieder aufgenommen. Schaden beseitigt und Verlorenes wieder beschafft.<\/li>\n\n\n\n<li>nach dem Krieg z\u00e4hlt der Verein 35 Mitglieder<\/li>\n\n\n\n<li>1919 Bildung einer Gymnasialriege<\/li>\n\n\n\n<li>Vereinsvorsitz geht am 21.01.1920 auf Carl Freyhoff \u00fcber bis 29.10.1929<\/li>\n\n\n\n<li>1920 Gr\u00fcndung einer Damenriege<\/li>\n\n\n\n<li>1920 erste Ruderregatta auf den Lehnitzsee auf Einladung des OWV, G\u00e4ste Wassersport Lehnitz sowie Ruderklub Nautilus aus Tegel<\/li>\n\n\n\n<li>1920 Kilometermeister Gr\u00fcne 1081 km<\/li>\n\n\n\n<li>1921 bereits 88 Mitglieder<\/li>\n\n\n\n<li>1921 Pacht eines Wassergrundst\u00fcckes in der heutigen Heidelberger Str., Bau eines Vereinsgeb\u00e4udes mit eigener Bauleistung und Gelder der Mitglieder<\/li>\n\n\n\n<li>Grundsteinlegung am 03.07.2921, am 20.12.1921 die erste Vereinsversammlung im neuen Bootshaus<\/li>\n\n\n\n<li>1921 Kilometermeister Schlieben<\/li>\n\n\n\n<li>11.06.1922 feierliche Einweihung des neuen Bootshauses<\/li>\n<\/ul>\n\n\n\n<p>&#8212; 1922 Kilometermeister Schlieben 1074 km<\/p>\n\n\n\n<ul class=\"wp-block-list\">\n<li>Sep. 1923 Kauf des Grundst\u00fcckes<\/li>\n\n\n\n<li>1923 Kilometermeister Nehrig 1507 km<\/li>\n\n\n\n<li>Aufstockung des Bootsbestandes, Vierer \u201eHavelland\u201c, \u201eRhein\u201c, \u201eWeichsel\u201c<\/li>\n\n\n\n<li>1924 Kilometermeister Rechlin I 841 km<\/li>\n\n\n\n<li>1925 Kilometermeister Rechlin II 1341 km; Frl. Wagner 308 km<\/li>\n\n\n\n<li>1926 Oskar Balzer trainiert die Jugendriege<\/li>\n\n\n\n<li>1926 die Mitgliederzahl erreicht 143<\/li>\n\n\n\n<li>1926 Kilometermeister Alex Kopp 1678 km; Frl. Wolf 659 km<\/li>\n\n\n\n<li>1927 Er\u00f6ffnung einer Herberge f\u00fcr Wanderruderer<\/li>\n\n\n\n<li>1927 Kilometermeister Heinz Deter 1882 km; Frl. Wagner 487 km<\/li>\n\n\n\n<li>1928 Bau und Einweihung von 2 Tennispl\u00e4tzen<\/li>\n\n\n\n<li>1928 Anschaffung des Doppelvierers \u201eOskar Balzer \u201e<\/li>\n\n\n\n<li>1928 Kilometermeister Alex Kopp 1438 km; Frl. Wolle km<\/li>\n\n\n\n<li>1929 Anschaffung eines Rennbootes durch Spenden von Mitgliedern<\/li>\n\n\n\n<li>Vereinsvorsitz \u00fcbernimmt am 29.10.1929 Wilhelm Grimm bis 26.01.1936<\/li>\n\n\n\n<li>1929 Kilometermeister Rechlin I 980 km; Frl. Joh. Heim 355 km<\/li>\n\n\n\n<li>1930 sind 263 Mitglieder im OWV<\/li>\n\n\n\n<li>1930 Kilometermeister Kuntz 2375 km; Frl. v. D\u00fcffel 1090 km<\/li>\n\n\n\n<li>1931 Kilometermeister E. R\u00fchl 1842 km; Frau R\u00fchl 1374 km<\/li>\n\n\n\n<li>1932 Kilometermeister R. Schneider 2725 km; Frl. Haberland 1557 km<\/li>\n\n\n\n<li>1933 neue Sparte Segeln gegr\u00fcndet, mit 1. Segelregatta am 17.09.1933<\/li>\n\n\n\n<li>1933 Kilometermeister Fritz Kurth 1623 km; Frl. U. Zimmermann 808 km<\/li>\n\n\n\n<li>1934 Kilometermeister Leopold M\u00fccke 1815 km; Frl. G. Krause 1062 km<\/li>\n\n\n\n<li>1935 Kilometermeister Leopold M\u00fccke 1105 km; Frl. U. Lauter 1756 km<\/li>\n\n\n\n<li>Vereinsvorsitz \u00fcbernimmt am 26.01.1936 Leo Wipprecht<\/li>\n\n\n\n<li>1936 Kilometermeister Leopold M\u00fccke 1553 km; Frl. Ilse Hofmann 877 km<\/li>\n\n\n\n<li>28.08.1937 \u201e25-Jahr Feier der OWV\u201c<\/li>\n\n\n\n<li>1937 Bootspark im OWV 1-er \u201ePfeil\u201c, 4-er \u201eSchwalbe\u201c \u201eBlau-Wei\u00df\u201c<\/li>\n<\/ul>\n\n\n\n<p>Wanderboote 1-er \u201eWestphalia\u201c, Doppel 2-er \u201eHohenzollern\u201c, \u201eBinsenbummler\u201c, \u201ePirat\u201c, \u201eWandervogel\u201c, \u201eWerbellin\u201c, \u201eKamerad\u201c 4-er \u201eOranien\u201c, \u201eHavelland\u201c, Rhein\u201c, \u201eWeichsel\u201c, \u201eOskar Balzer\u201c, \u201eSaar\u201c<\/p>\n\n\n\n<ul class=\"wp-block-list\">\n<li>Mit Beginn des 2. Weltkrieges h\u00f6rte nach und nach das Vereins- und sportliche Leben auf<\/li>\n\n\n\n<li>April 1945 wird das Bootshaus durch Bomben zerst\u00f6rt<\/li>\n\n\n\n<li>Nach 1945 wird im Rahmen von Reparationsleistungen das Verm\u00f6gen und Inventar von der russischen Milit\u00e4radministration eingezogen und ein Bet\u00e4tigungsverbot erlassen.<\/li>\n\n\n\n<li>1951 erfolgte die Aufl\u00f6sung des Vereins<\/li>\n\n\n\n<li>Im Zeitraum von 1965 bis 1990 treffen sich j\u00e4hrlich ehemalige OWV-Mitglieder beim Ruderverein Bodenwerder (Weser) um gemeinsame Veranstaltungen abzuhalten und die Beziehungen aufrechtzuhalten.<\/li>\n\n\n\n<li>1989 Nach den Fall der Mauer sind die Kontakte zwischen den alten OWV-lern intensiviert worden, speziell Gerda Flick aus Oranienburg, Leopold M\u00fccke aus M\u00f6lln, Erich Rummel aus Hilzingen (Hegau) und Ilse Schwitalla aus Duderstadt seien hier genannt.<\/li>\n\n\n\n<li>1994 Wiedergr\u00fcndung des OWV am 27. Februar und Eintragung ins Vereinsregister am 22.06.1994<\/li>\n\n\n\n<li>Vereinsvorsitz wird durch Hans Stache \u00fcbernommen.<\/li>\n\n\n\n<li>16.09.94 \u00fcbergibt Leopold M\u00fccke einige Einer an den OWV<\/li>\n\n\n\n<li>1996 wird vom Globus Baumarkt ein Bungalow gesponsert und aufgestellt.<\/li>\n\n\n\n<li>1996 Kauf eines Doppelzweier<\/li>\n\n\n\n<li>1996 \u00dcberlassung einer Freilufthalle<\/li>\n\n\n\n<li>Vereinsvorsitz \u00fcbernimmt ab 05.06.1996 Torsten Wienke bis 04.03.2009<\/li>\n\n\n\n<li>1998 sponsert Leopold M\u00fccke einen Vierer<\/li>\n\n\n\n<li>01.01.2001 Vertrag mit der Stadt Oranienburg \u00fcber eine Miete des Gel\u00e4ndes bis 31.12.2030<\/li>\n\n\n\n<li>M\u00e4rz 2001 Beginn mit der Montage der Freilufthalle<\/li>\n\n\n\n<li>2001 Kilometermeister Johann Panknin 101 km<\/li>\n\n\n\n<li>August 2002 Zur 90 Jahr-Feier wird der Einer \u201eFreyhoff\u201c getauft<\/li>\n\n\n\n<li>2002 Kilometermeister Wolfgang Joppa 78 km<\/li>\n\n\n\n<li>Juni 2003 Fertigstellung Freilufthalle<\/li>\n\n\n\n<li>2003 Kilometermeister Silke Friedrich 66 km<\/li>\n\n\n\n<li>2004 Kilometermeister Sabine G\u00f6gel 145 km<\/li>\n\n\n\n<li>2005 Kilometermeister Christine Joppa 136 km<\/li>\n\n\n\n<li>2006 Kilometermeister Kerstin Glut 91 km<\/li>\n\n\n\n<li>2007 Kilometermeister Silke Friedrich 69 km<\/li>\n\n\n\n<li>09.03.2008 Volleyballturnier der Ruderer OWV Rang 5<\/li>\n\n\n\n<li>2008 Kilometermeister Wolfgang Joppa 112 km;<\/li>\n\n\n\n<li>Vereinsvorsitzender ist vom 04.03.2009 ab Johann Panknin bis zu seinem Tod im Dez. 2014<\/li>\n\n\n\n<li>2009 Kooperationsvereinbarung zwischen OFC und OWV<\/li>\n\n\n\n<li>Nov. 2009 Anschluss des OHV-Gel\u00e4ndes ans Elektronetz<\/li>\n\n\n\n<li>30.11.2009 Erteilung der Genehmigung der Verlegung der Schwimmsteganlage durch das WSA<\/li>\n\n\n\n<li>2009 Kilometermeister Wolfgang Joppa 132 km<\/li>\n\n\n\n<li>06.03.2010 Volleyballturnier der Rudervereine &#8211; OWV Platz 3<\/li>\n\n\n\n<li>Mai 2010 wird die neue Steganlage fertiggestellt, im Sep. durch WSA abgenommen<\/li>\n\n\n\n<li>Ab Mai 2010 Umbau der alten Bootshalle zum Freizeitraum mit Toiletten und K\u00fcchentrakt<\/li>\n\n\n\n<li>2010 Kilometermeister Johann Panknin 152 km<\/li>\n\n\n\n<li>21.02.2011 Freilegung der Bombenverdachtspunkte auf den OWV Gel\u00e4nde, hat sich gl\u00fccklicherweise nicht best\u00e4tigt.<\/li>\n\n\n\n<li>2011 Kilometermeister Johann Panknin 118 km; Kerstin Glut 70 km<\/li>\n\n\n\n<li>2012 Installation einer Abwasserdruckpumpe, damit Anschluss der Toiletten<\/li>\n\n\n\n<li>03.09.2012 Zur 100-Jahr Feier, Achter wird auf \u201eOranje\u201c getauft<\/li>\n\n\n\n<li>Kauf eines Gig 2-er mit Stm<\/li>\n\n\n\n<li>2012 Kilometermeister Frank Wieberneit 356 km; Christine Joppa 157 km<\/li>\n\n\n\n<li>2013 Einf\u00fchrung des elektronischen Fahrtenbuchs<\/li>\n\n\n\n<li>09.03.2013 Volleyballturnier in Birkenwerder OWV Rang 5<\/li>\n\n\n\n<li>2013 Kilometermeister Frank Wieberneit 409 km; Christine Joppa 209 km<\/li>\n\n\n\n<li>2014 Erneuerung des Bungalowdach,<\/li>\n\n\n\n<li>2014 Kompletttausch der Fenster des Vereinsgeb\u00e4udes<\/li>\n\n\n\n<li>Sep. 20014 Ersteigerung eines Vierers bei einer Auktion<\/li>\n\n\n\n<li>2014 Kilometermeister Frank Wieberneit 561 km; Christine Joppa 228 km<\/li>\n\n\n\n<li>Vereinsvorsitz hat ab 07.03.2015 Wolfgang Joppa \u00fcbernommen<\/li>\n\n\n\n<li>17.10.2015 Taufe des ersteigerten und \u00fcberarbeiteten Vierers auf \u201eJohann\u201c<\/li>\n\n\n\n<li>2015 Kilometermeister Frank Wieberneit 1052 km; Christine Joppa 303 km<\/li>\n\n\n\n<li>Aug. 2016 Wanderfahrt Sch\u00fcttelschute \u2013 Langer Tr\u00f6del (wieder neu er\u00f6ffnet)<\/li>\n\n\n\n<li>2016 Nutzungsvereinbarung zwischen Hellas Titania Berlin und den OWV \u00fcber Gig-4 K\u00e4the B\u00fchring<\/li>\n\n\n\n<li>2016 Kilometermeister Frank Wieberneit 1550 km; Christine Joppa 535 km<\/li>\n\n\n\n<li>2017 Beitritt zur Freundschaftsgruppe der Oberhavel Rudervereine (RV Birkenwerder, RC Tegelort, RVP Saffonia, RRTV Wilhelmsruh)<\/li>\n\n\n\n<li>September 2017 Teilnahme an Wanderfahrt auf Avon und Themse (Bristol und London)<\/li>\n\n\n\n<li>2017 Nutzungsvereinbarung zwischen Hellas Titania Berlin und den OWV \u00fcber 1 Achter +<\/li>\n\n\n\n<li>2017 Kilometermeister Frank Wieberneit 1696 km; Christine Joppa 399 km<\/li>\n\n\n\n<li>2018 Kilometermeister Christine Joppa 1071 km; Eric Sch\u00f6nfeld 1069 km<\/li>\n\n\n\n<li>Juli \/ August 2019 Teilnahme an Wanderfahrt auf den Shannon Irland<\/li>\n\n\n\n<li>2019 lange Behinderung der Rudert\u00e4tigkeit wegen Bombenentsch\u00e4rfung an Havel bei km 25<\/li>\n\n\n\n<li>2019 Kilometermeister Eric Sch\u00f6nfeld 1539 km; Christine Joppa 1014 km<\/li>\n\n\n\n<li>2020 Starke Beeintr\u00e4chtigung der Vereinst\u00e4tigkeit wegen Corona<\/li>\n\n\n\n<li>2020 Kilometermeister Frank Wieberneit 739 km; Monika D\u00fcnow 94 km<\/li>\n\n\n\n<li>2021 wieder Starke Beeintr\u00e4chtigung der Vereinst\u00e4tigkeit wegen Corona<\/li>\n\n\n\n<li>2021 Kilometermeister Eric Sch\u00f6nfeld 426 km; Christine Joppa 279 km<\/li>\n\n\n\n<li>2022 Kilometermeister Eric Sch\u00f6nfeld 512 km; Christine Joppa 493 km<\/li>\n\n\n\n<li>2023 verl\u00e4sst der OWV die Freundschaftsgruppe Oberhavel, bleibt aber im freundlichen Kontakt mit den Vereinen.<\/li>\n\n\n\n<li>2023 Teilnahme an Wanderfahrten auf Donau, Themse, Faxe, Saar, Mosel<\/li>\n\n\n\n<li>2023 Kilometermeister Wolfgang Joppa 1562 km; Christine Joppa 1107 km<\/li>\n<\/ul>\n","protected":false},"excerpt":{"rendered":"<p>ChronikOranienburger Wassersportverein<\/p>\n<p>1912 &#8211; 2023<\/p>\n<p>-29. August 1912 Gr\u00fcndung des OWV mit folgenden Vereinsmitgliedern:<\/p>\n<p>Thomas, Faecks, Pfeiffer, Kampmann, Wernitz, Willi und Otto Kracht, Schraubeck, Stammer, Koch, M\u00e4ker, Karl Uhr, Krack, Wruck<\/p>\n<p>Vereinsvorsitzender ist David Heim von 06.<\/p>\n","protected":false},"author":1,"featured_media":0,"parent":0,"menu_order":0,"comment_status":"closed","ping_status":"closed","template":"","meta":{"ngg_post_thumbnail":0,"footnotes":""},"class_list":["post-70","page","type-page","status-publish","hentry"],"_links":{"self":[{"href":"https:\/\/rudern-owv.de\/index.php?rest_route=\/wp\/v2\/pages\/70","targetHints":{"allow":["GET"]}}],"collection":[{"href":"https:\/\/rudern-owv.de\/index.php?rest_route=\/wp\/v2\/pages"}],"about":[{"href":"https:\/\/rudern-owv.de\/index.php?rest_route=\/wp\/v2\/types\/page"}],"author":[{"embeddable":true,"href":"https:\/\/rudern-owv.de\/index.php?rest_route=\/wp\/v2\/users\/1"}],"replies":[{"embeddable":true,"href":"https:\/\/rudern-owv.de\/index.php?rest_route=%2Fwp%2Fv2%2Fcomments&post=70"}],"version-history":[{"count":3,"href":"https:\/\/rudern-owv.de\/index.php?rest_route=\/wp\/v2\/pages\/70\/revisions"}],"predecessor-version":[{"id":95,"href":"https:\/\/rudern-owv.de\/index.php?rest_route=\/wp\/v2\/pages\/70\/revisions\/95"}],"wp:attachment":[{"href":"https:\/\/rudern-owv.de\/index.php?rest_route=%2Fwp%2Fv2%2Fmedia&parent=70"}],"curies":[{"name":"wp","href":"https:\/\/api.w.org\/{rel}","templated":true}]}}