{"id":5,"date":"2026-03-20T10:16:01","date_gmt":"2026-03-20T10:16:01","guid":{"rendered":"http:\/\/rudern-owv.de\/welcome-to-http-rudern-owv-de\/"},"modified":"2026-03-25T07:19:21","modified_gmt":"2026-03-25T07:19:21","slug":"welcome-to-http-rudern-owv-de","status":"publish","type":"page","link":"https:\/\/rudern-owv.de\/","title":{"rendered":"Willkommen beim Oranienburger Wassersportverein e.V."},"content":{"rendered":"<div class=\"ditty ditty--pre\" data-id=\"130\" data-uniqid=\"ditty-6a07090beb3e3\"><\/div>\n\n\n\n<h2 class=\"wp-block-heading\">FIT DURCH RUDERN!<\/h2>\n\n\n\n<p>Wir sind ein Ruderverein mit \u00fcber 100-j\u00e4hriger Tradition, der sich dem Freizeitsport widmet.<\/p>\n\n\n\n<p>Gemeinsame Touren auf den sch\u00f6nen angrenzenden Gew\u00e4ssern, Besuche bei befreundeten Vereinen in der Umgebung, Teilnahme an mehrt\u00e4gigen Wanderfahrten und die sportliche Geselligkeit mehrerer Generationen, von 10 &#8211; 80 Jahren, pr\u00e4gen unser Vereinsleben.<\/p>\n\n\n\n<p>W\u00e4hrend der Wintermonate treffen wir uns alternativ in Oranienburg zum Volleyball spielen.<\/p>\n\n\n\n<p>Die&nbsp;Gewinnung von Nachwuchs f\u00fcr die traditions- reiche Sportart Rudern liegt uns am Herzen, weshalb Interessierte ab 10 Jahre jederzeit herzlich in unserem Verein willkommen sind.<\/p>\n\n\n\n<p><\/p>\n","protected":false},"excerpt":{"rendered":"<p>FIT DURCH RUDERN!<\/p>\n<p>Wir sind ein Ruderverein mit \u00fcber 100-j\u00e4hriger Tradition, der sich dem Freizeitsport widmet.<\/p>\n<p>Gemeinsame Touren auf den sch\u00f6nen angrenzenden Gew\u00e4ssern, Besuche bei befreundeten Vereinen in der Umgebung, Teilnahme an mehrt\u00e4gigen Wanderfahrten und die sportliche Geselligkeit mehrerer Generationen, von 10 &#8211; 80 Jahren, pr\u00e4gen unser Vereinsleben.<\/p>\n","protected":false},"author":1,"featured_media":0,"parent":0,"menu_order":0,"comment_status":"closed","ping_status":"open","template":"","meta":{"ngg_post_thumbnail":0,"footnotes":""},"class_list":["post-5","page","type-page","status-publish","hentry"],"_links":{"self":[{"href":"https:\/\/rudern-owv.de\/index.php?rest_route=\/wp\/v2\/pages\/5","targetHints":{"allow":["GET"]}}],"collection":[{"href":"https:\/\/rudern-owv.de\/index.php?rest_route=\/wp\/v2\/pages"}],"about":[{"href":"https:\/\/rudern-owv.de\/index.php?rest_route=\/wp\/v2\/types\/page"}],"author":[{"embeddable":true,"href":"https:\/\/rudern-owv.de\/index.php?rest_route=\/wp\/v2\/users\/1"}],"replies":[{"embeddable":true,"href":"https:\/\/rudern-owv.de\/index.php?rest_route=%2Fwp%2Fv2%2Fcomments&post=5"}],"version-history":[{"count":4,"href":"https:\/\/rudern-owv.de\/index.php?rest_route=\/wp\/v2\/pages\/5\/revisions"}],"predecessor-version":[{"id":138,"href":"https:\/\/rudern-owv.de\/index.php?rest_route=\/wp\/v2\/pages\/5\/revisions\/138"}],"wp:attachment":[{"href":"https:\/\/rudern-owv.de\/index.php?rest_route=%2Fwp%2Fv2%2Fmedia&parent=5"}],"curies":[{"name":"wp","href":"https:\/\/api.w.org\/{rel}","templated":true}]}}